{"id":81,"date":"2025-08-06T08:28:17","date_gmt":"2025-08-06T06:28:17","guid":{"rendered":"https:\/\/dev.vfkl.hu\/?page_id=81"},"modified":"2025-08-19T13:23:17","modified_gmt":"2025-08-19T11:23:17","slug":"maintainer","status":"publish","type":"page","link":"https:\/\/dev.vfkl.hu\/en\/maintainer\/","title":{"rendered":"Maintainer"},"content":{"rendered":"<p>The Archdiocese of Veszpr\u00e9m is one of the oldest dioceses in the country, founded by King Saint Stephen, and since the time of Blessed Queen Gisela it has maintained a special link with Hungary\u2019s queens: traditionally, the bishops of Veszpr\u00e9m crowned the queens of Hungary, a tradition that lasted until the consort of the last Hungarian monarch, Queen Zita, wife of King Charles IV.<\/p>\n<p>At the same time, Veszpr\u00e9m is the youngest among the metropolitan sees: on 30 May 1993, Pope Saint John Paul II elevated it to a metropolitan archdiocese by his apostolic constitution <em>Hungarorum gens<\/em>, defining its present territory, which comprises Veszpr\u00e9m County, one-quarter of Zala County, and several settlements in Fej\u00e9r, Gy\u0151r-Moson-Sopron, and Kom\u00e1rom-Esztergom counties.<\/p>\n<p><img loading=\"lazy\" decoding=\"async\" class=\"alignnone wp-image-142\" src=\"https:\/\/dev.vfkl.hu\/wp-content\/uploads\/2025\/08\/aa6d8035-52dc-47c2-a13f-75d7d8da6e91-1-300x169.jpeg\" alt=\"\" width=\"939\" height=\"529\" srcset=\"https:\/\/dev.vfkl.hu\/wp-content\/uploads\/2025\/08\/aa6d8035-52dc-47c2-a13f-75d7d8da6e91-1-300x169.jpeg 300w, https:\/\/dev.vfkl.hu\/wp-content\/uploads\/2025\/08\/aa6d8035-52dc-47c2-a13f-75d7d8da6e91-1-1024x576.jpeg 1024w, https:\/\/dev.vfkl.hu\/wp-content\/uploads\/2025\/08\/aa6d8035-52dc-47c2-a13f-75d7d8da6e91-1-768x432.jpeg 768w, https:\/\/dev.vfkl.hu\/wp-content\/uploads\/2025\/08\/aa6d8035-52dc-47c2-a13f-75d7d8da6e91-1-1536x864.jpeg 1536w, https:\/\/dev.vfkl.hu\/wp-content\/uploads\/2025\/08\/aa6d8035-52dc-47c2-a13f-75d7d8da6e91-1-2048x1152.jpeg 2048w, https:\/\/dev.vfkl.hu\/wp-content\/uploads\/2025\/08\/aa6d8035-52dc-47c2-a13f-75d7d8da6e91-1-388x220.jpeg 388w\" sizes=\"auto, (max-width: 939px) 100vw, 939px\" \/><\/p>\n<p>The archdiocese has a population of around 460,000, of whom some 300,000 are Catholics. It is organized into four archdeaconries and seven deaneries, comprising 180 parishes, and maintains a number of educational, social, and cultural institutions \u2013 among them Veszpr\u00e9m Archdiocesan Library and Archives.<\/p>\n<p>Since 2019, the archbishop has been Dr. Gy\u00f6rgy Udvardy, with Dr. Istv\u00e1n Tak\u00e1ts serving as vicar general, J\u00e1nos Szab\u00f3 as financial vicar, and Kriszti\u00e1n Tornav\u00f6lgyi as chancellor.<\/p>\n<p>The patron saint of the Archdiocese of Veszpr\u00e9m is Saint Anne, and its co-patron is Blessed Queen Gisela.<\/p>\n","protected":false},"excerpt":{"rendered":"The Archdiocese of Veszpr\u00e9m is one of the oldest dioceses in the country, founded by King Saint Stephen, and since the time of \n<a class=\"moretag\" href=\"https:\/\/dev.vfkl.hu\/en\/maintainer\/\"> <\/a>","protected":false},"author":1,"featured_media":0,"parent":0,"menu_order":0,"comment_status":"closed","ping_status":"closed","template":"","meta":{"footnotes":""},"class_list":["post-81","page","type-page","status-publish","hentry"],"_links":{"self":[{"href":"https:\/\/dev.vfkl.hu\/en\/wp-json\/wp\/v2\/pages\/81","targetHints":{"allow":["GET"]}}],"collection":[{"href":"https:\/\/dev.vfkl.hu\/en\/wp-json\/wp\/v2\/pages"}],"about":[{"href":"https:\/\/dev.vfkl.hu\/en\/wp-json\/wp\/v2\/types\/page"}],"author":[{"embeddable":true,"href":"https:\/\/dev.vfkl.hu\/en\/wp-json\/wp\/v2\/users\/1"}],"replies":[{"embeddable":true,"href":"https:\/\/dev.vfkl.hu\/en\/wp-json\/wp\/v2\/comments?post=81"}],"version-history":[{"count":3,"href":"https:\/\/dev.vfkl.hu\/en\/wp-json\/wp\/v2\/pages\/81\/revisions"}],"predecessor-version":[{"id":407,"href":"https:\/\/dev.vfkl.hu\/en\/wp-json\/wp\/v2\/pages\/81\/revisions\/407"}],"wp:attachment":[{"href":"https:\/\/dev.vfkl.hu\/en\/wp-json\/wp\/v2\/media?parent=81"}],"curies":[{"name":"wp","href":"https:\/\/api.w.org\/{rel}","templated":true}]}}