{"id":71,"date":"2025-08-06T15:28:06","date_gmt":"2025-08-06T13:28:06","guid":{"rendered":"https:\/\/dev.vfkl.hu?page_id=71"},"modified":"2025-08-26T12:55:09","modified_gmt":"2025-08-26T10:55:09","slug":"impressum","status":"publish","type":"page","link":"https:\/\/dev.vfkl.hu\/en\/impressum\/","title":{"rendered":"Impressum"},"content":{"rendered":"<p>8200 Veszpr\u00e9m, V\u00e1r utca 16.<br \/>\nPostal address: 8200 Veszpr\u00e9m Pf.: 106<br \/>\nPhone: 88\/426-088<\/p>\n","protected":false},"excerpt":{"rendered":"8200 Veszpr\u00e9m, V\u00e1r utca 16. Postal address: 8200 Veszpr\u00e9m Pf.: 106 Phone: 88\/426-088\n<a class=\"moretag\" href=\"https:\/\/dev.vfkl.hu\/en\/impressum\/\"> <\/a>","protected":false},"author":1,"featured_media":0,"parent":0,"menu_order":0,"comment_status":"closed","ping_status":"closed","template":"","meta":{"footnotes":""},"class_list":["post-71","page","type-page","status-publish","hentry"],"_links":{"self":[{"href":"https:\/\/dev.vfkl.hu\/en\/wp-json\/wp\/v2\/pages\/71","targetHints":{"allow":["GET"]}}],"collection":[{"href":"https:\/\/dev.vfkl.hu\/en\/wp-json\/wp\/v2\/pages"}],"about":[{"href":"https:\/\/dev.vfkl.hu\/en\/wp-json\/wp\/v2\/types\/page"}],"author":[{"embeddable":true,"href":"https:\/\/dev.vfkl.hu\/en\/wp-json\/wp\/v2\/users\/1"}],"replies":[{"embeddable":true,"href":"https:\/\/dev.vfkl.hu\/en\/wp-json\/wp\/v2\/comments?post=71"}],"version-history":[{"count":3,"href":"https:\/\/dev.vfkl.hu\/en\/wp-json\/wp\/v2\/pages\/71\/revisions"}],"predecessor-version":[{"id":534,"href":"https:\/\/dev.vfkl.hu\/en\/wp-json\/wp\/v2\/pages\/71\/revisions\/534"}],"wp:attachment":[{"href":"https:\/\/dev.vfkl.hu\/en\/wp-json\/wp\/v2\/media?parent=71"}],"curies":[{"name":"wp","href":"https:\/\/api.w.org\/{rel}","templated":true}]}}